{"id":5707,"date":"2023-11-11T04:45:16","date_gmt":"2023-11-11T04:45:16","guid":{"rendered":"https:\/\/carolinebono.ch\/?page_id=5707"},"modified":"2025-12-10T10:22:34","modified_gmt":"2025-12-10T10:22:34","slug":"impressum","status":"publish","type":"page","link":"https:\/\/carolinebono.ch\/en\/impressum\/","title":{"rendered":"Imprint"},"content":{"rendered":"<div data-elementor-type=\"wp-page\" data-elementor-id=\"5707\" class=\"elementor elementor-5707\" data-elementor-settings=\"{&quot;ha_cmc_init_switcher&quot;:&quot;no&quot;}\">\n\t\t\t\t<div class=\"elementor-element elementor-element-74dc68b e-con-full e-flex e-con e-parent\" data-id=\"74dc68b\" data-element_type=\"container\" data-settings=\"{&quot;background_background&quot;:&quot;classic&quot;,&quot;_ha_eqh_enable&quot;:false}\">\n\t\t<div class=\"elementor-element elementor-element-33c50a7 e-con-full e-flex e-con e-child\" data-id=\"33c50a7\" data-element_type=\"container\" data-settings=\"{&quot;_ha_eqh_enable&quot;:false}\">\n\t\t\t\t<div class=\"elementor-element elementor-element-a082445 elementor-widget elementor-widget-ha-navigation-menu happy-addon ha-navigation-menu\" data-id=\"a082445\" data-element_type=\"widget\" data-widget_type=\"ha-navigation-menu.default\">\n\t\t\t\t\t<nav class=\"ha-nav-menu ha-navigation-menu-wrapper\"><div class=\"menu-haupt_legals-container\">\t\t\t\t<div class=\"ha-nav-humberger-wrapper\">\n\t\t\t\t\t<span class=\"ha-menu-open-icon ha-menu-toggler\" data-humberger=\"open\"><i aria-hidden=\"true\" class=\"fas fa-bars\"><\/i><\/span>\n\t\t\t\t\t<span class=\"ha-menu-close-icon ha-menu-toggler hide-icon\" data-humberger=\"close\"><i aria-hidden=\"true\" class=\"fas fa-angle-double-up\"><\/i><\/span>\n\t\t\t\t<\/div>\n\t\t\t<ul id=\"menu-haupt_legals\" class=\"menu\"><li id=\"menu-item-6129\" class=\"menu-item menu-item-type-post_type menu-item-object-page menu-item-home\"><a href=\"https:\/\/carolinebono.ch\/en\/\"><span class=\"menu-item-title\">Home<\/span><\/a><\/li>\n<li id=\"menu-item-6130\" class=\"trp-language-switcher-container menu-item menu-item-type-post_type menu-item-object-language_switcher current-language-menu-item\"><a href=\"https:\/\/carolinebono.ch\/en\/wp-json\/wp\/v2\/pages\/5707\"><span class=\"menu-item-title\"><span data-no-translation><img decoding=\"async\" class=\"trp-flag-image\" src=\"https:\/\/carolinebono.ch\/wp-content\/plugins\/translatepress-multilingual\/assets\/images\/flags\/de_DE.png\" width=\"18\" height=\"12\" alt=\"de_DE\" title=\"German\"><\/span><\/span><\/a><\/li>\n<\/ul><\/div><\/nav>\t\t\t\t<\/div>\n\t\t\t\t<\/div>\n\t\t<div class=\"elementor-element elementor-element-2dd47b4 e-con-full e-flex e-con e-child\" data-id=\"2dd47b4\" data-element_type=\"container\" data-settings=\"{&quot;_ha_eqh_enable&quot;:false}\">\n\t\t\t\t<div class=\"elementor-element elementor-element-092f9ef elementor-shape-rounded elementor-grid-0 e-grid-align-center elementor-widget elementor-widget-social-icons\" data-id=\"092f9ef\" data-element_type=\"widget\" data-widget_type=\"social-icons.default\">\n\t\t\t\t\t\t\t<div class=\"elementor-social-icons-wrapper elementor-grid\" role=\"list\">\n\t\t\t\t\t\t\t<span class=\"elementor-grid-item\" role=\"listitem\">\n\t\t\t\t\t<a class=\"elementor-icon elementor-social-icon elementor-social-icon-facebook elementor-animation-shrink elementor-repeater-item-143a38c\" href=\"https:\/\/www.facebook.com\/caroline.bonohorler\" target=\"_blank\">\n\t\t\t\t\t\t<span class=\"elementor-screen-only\">Facebook<\/span>\n\t\t\t\t\t\t<i aria-hidden=\"true\" class=\"fab fa-facebook\"><\/i>\t\t\t\t\t<\/a>\n\t\t\t\t<\/span>\n\t\t\t\t\t\t\t<span class=\"elementor-grid-item\" role=\"listitem\">\n\t\t\t\t\t<a class=\"elementor-icon elementor-social-icon elementor-social-icon-linkedin elementor-animation-shrink elementor-repeater-item-6decd61\" href=\"http:\/\/www.linkedin.com\/in\/dr-iur-caroline-bono-12074966\" target=\"_blank\">\n\t\t\t\t\t\t<span class=\"elementor-screen-only\">Linkedin<\/span>\n\t\t\t\t\t\t<i aria-hidden=\"true\" class=\"fab fa-linkedin\"><\/i>\t\t\t\t\t<\/a>\n\t\t\t\t<\/span>\n\t\t\t\t\t\t\t<span class=\"elementor-grid-item\" role=\"listitem\">\n\t\t\t\t\t<a class=\"elementor-icon elementor-social-icon elementor-social-icon-instagram elementor-animation-shrink elementor-repeater-item-97aa580\" href=\"https:\/\/www.instagram.com\/carolinebono_\/\" target=\"_blank\">\n\t\t\t\t\t\t<span class=\"elementor-screen-only\">Instagram<\/span>\n\t\t\t\t\t\t<i aria-hidden=\"true\" class=\"fab fa-instagram\"><\/i>\t\t\t\t\t<\/a>\n\t\t\t\t<\/span>\n\t\t\t\t\t<\/div>\n\t\t\t\t\t\t<\/div>\n\t\t\t\t<\/div>\n\t\t\t\t<\/div>\n\t\t<div class=\"elementor-element elementor-element-720e0634 e-flex e-con-boxed e-con e-parent\" data-id=\"720e0634\" data-element_type=\"container\" data-settings=\"{&quot;_ha_eqh_enable&quot;:false}\">\n\t\t\t\t\t<div class=\"e-con-inner\">\n\t\t\t\t<div class=\"elementor-element elementor-element-2fdb95ba elementor-widget elementor-widget-text-editor\" data-id=\"2fdb95ba\" data-element_type=\"widget\" data-widget_type=\"text-editor.default\">\n\t\t\t\t\t\t\t\t\t<h1><strong>Imprint<\/strong><\/h1><p>Caroline Bono-H\u00f6rler<br \/>BeHappyCoaching<br \/>Halsgasse 34<br \/>8640 Rapperswil<\/p><p><a href=\"mailto:bono@behappycoaching.ch\">bono@behappycoaching.ch<\/a><\/p><p>\u00a0<\/p><p><strong>Disclaimer: <\/strong><\/p><p>\u00a0<\/p><p><strong>Liability for content<\/strong><\/p><p>\u00a0<\/p><p>The content of our pages has been compiled with the utmost care. However, we cannot guarantee that the content is accurate, complete or up to date. As a service provider, we are responsible for our own content on these pages in accordance with \u00a7 7 para. 1 TMG (German Telemedia Act) and general laws. However, according to \u00a7\u00a7 8 to 10 TMG, we are not obliged as a service provider to monitor transmitted or stored third-party information or to investigate circumstances that indicate illegal activity. Obligations to remove or block the use of information in accordance with general laws remain unaffected by this. However, liability in this regard is only possible from the time we become aware of a specific legal violation. If we become aware of such legal violations, we will remove this content immediately.<\/p><p>\u00a0<\/p><p><strong>Liability for links<\/strong><\/p><p>\u00a0<\/p><p>Our website contains links to external third-party websites over whose content we have no influence. We therefore cannot accept any liability for this external content. The respective provider or operator of the linked pages is always responsible for their content. The linked pages were checked for possible legal violations at the time of linking. No illegal content was identified at the time of linking. However, permanent monitoring of the content of the linked pages is not reasonable without concrete evidence of a violation of the law. If we become aware of any violations of the law, we will remove such links immediately.<\/p>\t\t\t\t\t\t\t\t<\/div>\n\t\t\t\t\t<\/div>\n\t\t\t\t<\/div>\n\t\t<div class=\"elementor-element elementor-element-81939be e-flex e-con-boxed e-con e-parent\" data-id=\"81939be\" data-element_type=\"container\" data-settings=\"{&quot;background_background&quot;:&quot;classic&quot;,&quot;_ha_eqh_enable&quot;:false}\">\n\t\t\t\t\t<div class=\"e-con-inner\">\n\t\t\t\t<div class=\"elementor-element elementor-element-1de3347 elementor-widget elementor-widget-ha-navigation-menu happy-addon ha-navigation-menu\" data-id=\"1de3347\" data-element_type=\"widget\" data-widget_type=\"ha-navigation-menu.default\">\n\t\t\t\t\t<nav class=\"ha-nav-menu ha-navigation-menu-wrapper\"><div class=\"menu-footer-container\">\t\t\t\t<div class=\"ha-nav-humberger-wrapper\">\n\t\t\t\t\t<span class=\"ha-menu-open-icon ha-menu-toggler\" data-humberger=\"open\"><i aria-hidden=\"true\" class=\"fas fa-bars\"><\/i><\/span>\n\t\t\t\t\t<span class=\"ha-menu-close-icon ha-menu-toggler hide-icon\" data-humberger=\"close\"><i aria-hidden=\"true\" class=\"fas fa-angle-double-up\"><\/i><\/span>\n\t\t\t\t<\/div>\n\t\t\t<ul id=\"menu-footer\" class=\"menu\"><li id=\"menu-item-5709\" class=\"menu-item menu-item-type-post_type menu-item-object-page\"><a href=\"https:\/\/carolinebono.ch\/en\/impressum\/\"><span class=\"menu-item-title\">Imprint<\/span><\/a><\/li>\n<li id=\"menu-item-5710\" class=\"menu-item menu-item-type-post_type menu-item-object-page menu-item-privacy-policy\"><a href=\"https:\/\/carolinebono.ch\/en\/datenschutz\/\"><span class=\"menu-item-title\">Privacy policy<\/span><\/a><\/li>\n<li id=\"menu-item-6163\" class=\"menu-item menu-item-type-post_type menu-item-object-page\"><a href=\"https:\/\/carolinebono.ch\/en\/cookie-richtlinie-eu\/\"><span class=\"menu-item-title\">Cookie-Richtlinie (EU)<\/span><\/a><\/li>\n<\/ul><\/div><\/nav>\t\t\t\t<\/div>\n\t\t\t\t\t<\/div>\n\t\t\t\t<\/div>\n\t\t\t\t<\/div>","protected":false},"excerpt":{"rendered":"<p>Home Facebook Linkedin Instagram Impressum Caroline Bono-H\u00f6rlerBeHappyCoachingHalsgasse 348640 Rapperswil bono@behappycoaching.ch \u00a0 Haftungsausschluss: \u00a0 Haftung f\u00fcr Inhalte \u00a0 Die Inhalte unserer Seiten wurden mit gr\u00f6\u00dfter Sorgfalt erstellt. F\u00fcr die Richtigkeit, Vollst\u00e4ndigkeit und Aktualit\u00e4t der Inhalte k\u00f6nnen wir jedoch keine Gew\u00e4hr \u00fcbernehmen. Als Diensteanbieter sind wir gem\u00e4\u00df \u00a7 7 Abs.1 TMG f\u00fcr eigene Inhalte auf diesen Seiten [&hellip;]<\/p>","protected":false},"author":2,"featured_media":0,"parent":0,"menu_order":0,"comment_status":"closed","ping_status":"closed","template":"","meta":{"footnotes":""},"class_list":["post-5707","page","type-page","status-publish","hentry"],"_links":{"self":[{"href":"https:\/\/carolinebono.ch\/en\/wp-json\/wp\/v2\/pages\/5707","targetHints":{"allow":["GET"]}}],"collection":[{"href":"https:\/\/carolinebono.ch\/en\/wp-json\/wp\/v2\/pages"}],"about":[{"href":"https:\/\/carolinebono.ch\/en\/wp-json\/wp\/v2\/types\/page"}],"author":[{"embeddable":true,"href":"https:\/\/carolinebono.ch\/en\/wp-json\/wp\/v2\/users\/2"}],"replies":[{"embeddable":true,"href":"https:\/\/carolinebono.ch\/en\/wp-json\/wp\/v2\/comments?post=5707"}],"version-history":[{"count":16,"href":"https:\/\/carolinebono.ch\/en\/wp-json\/wp\/v2\/pages\/5707\/revisions"}],"predecessor-version":[{"id":6137,"href":"https:\/\/carolinebono.ch\/en\/wp-json\/wp\/v2\/pages\/5707\/revisions\/6137"}],"wp:attachment":[{"href":"https:\/\/carolinebono.ch\/en\/wp-json\/wp\/v2\/media?parent=5707"}],"curies":[{"name":"wp","href":"https:\/\/api.w.org\/{rel}","templated":true}]}}